{"id":116,"date":"2022-05-04T12:15:33","date_gmt":"2022-05-04T12:15:33","guid":{"rendered":"https:\/\/helicam.fi\/site\/?page_id=116"},"modified":"2022-05-05T10:08:43","modified_gmt":"2022-05-05T10:08:43","slug":"suomeksi","status":"publish","type":"page","link":"https:\/\/helicam.fi\/site\/suomeksi\/","title":{"rendered":"Suomeksi"},"content":{"rendered":"\t\t<div data-elementor-type=\"wp-page\" data-elementor-id=\"116\" class=\"elementor elementor-116\">\n\t\t\t\t\t\t<section class=\"elementor-section elementor-top-section elementor-element elementor-element-90a014d elementor-section-boxed elementor-section-height-default elementor-section-height-default\" data-id=\"90a014d\" data-element_type=\"section\" data-e-type=\"section\">\n\t\t\t\t\t\t<div class=\"elementor-container elementor-column-gap-default\">\n\t\t\t\t\t<div class=\"elementor-column elementor-col-100 elementor-top-column elementor-element elementor-element-a98f073\" data-id=\"a98f073\" data-element_type=\"column\" data-e-type=\"column\">\n\t\t\t<div class=\"elementor-widget-wrap elementor-element-populated\">\n\t\t\t\t\t\t<div class=\"elementor-element elementor-element-9c2d2b6 elementor-widget elementor-widget-heading\" data-id=\"9c2d2b6\" data-element_type=\"widget\" data-e-type=\"widget\" data-widget_type=\"heading.default\">\n\t\t\t\t<div class=\"elementor-widget-container\">\n\t\t\t\t\t<h3 class=\"elementor-heading-title elementor-size-default\">Suomeksi<\/h3>\t\t\t\t<\/div>\n\t\t\t\t<\/div>\n\t\t\t\t<div class=\"elementor-element elementor-element-c8816ec elementor-widget elementor-widget-text-editor\" data-id=\"c8816ec\" data-element_type=\"widget\" data-e-type=\"widget\" data-widget_type=\"text-editor.default\">\n\t\t\t\t<div class=\"elementor-widget-container\">\n\t\t\t\t\t\t\t\t\t<p><u>Ilmakuvausta kauko-ohjattavalla helikopterikameralla.<\/u><br>Helicam palvelumme sis\u00e4lt\u00e4\u00e4 ennakkosuunnittelun, vakuutuksen, luvat, tarvittavan laitteiston, kauko-ohjattavan gyrostabiloidun kamerap\u00e4\u00e4n, Red Weapon&nbsp;8K tai Arri Alexa Mini kameran Zeiss -linsseill\u00e4, langaton video-assist ja kahden ihmisen miehist\u00f6n jolla takanaan vuosien lentokokemus. Kaikki romppeet mahtuvat yhteen autoon ja kuvausvalmius on n. 15 minuutissa saapumisesta. &nbsp;Koko paketin hinta alkaen 2500\u20ac \/ p\u00e4iv\u00e4.<\/p>\n<p>Miehitt\u00e4m\u00e4tt\u00f6m\u00e4ll\u00e4 mini-helikopterilla asiakkaamme saavat tyylik\u00e4st\u00e4 hollywood -tason ilmakuvaa kohtuullisella budjetilla.<\/p>\n<p>Kotimaisissa elokuvissa ja TV -sarjoissa ty\u00f6t\u00e4mme on voinut n\u00e4hd\u00e4 mm. seuraavissa tuotannoissa: Tuntematon Sotilas 2017, Napapiirin Sankarit 2 &amp; 3, Tatu &amp; Patu, Risto R\u00e4pp\u00e4\u00e4j\u00e4, Vares, Mets\u00e4n Tarina, Ikitie, Saattokeikka, Vadelmavenepakolainen, Armoton maa, J\u00e4ttil\u00e4inen, Henkesi Edest\u00e4, Mielens\u00e4 pahoittaja, Big Game Bodon, Roba, Mustat Lesket, Idols, Varaosat\u2026<\/p>\n<p><\/p>\n<p>Asiakkaat:&nbsp;<a href=\"http:\/\/yle.fi\/\">Suomen Yleisradio<\/a>&nbsp;(YLE TV), Solar Films,&nbsp;<a href=\"http:\/\/vimeo.com\/26225810\">Woodpecker Film<\/a>,&nbsp;<a href=\"http:\/\/vimeo.com\/25285699\">Klaffi Tuotannot<\/a>,&nbsp;<a href=\"http:\/\/www.nelonen.fi\/\">Nelonen<\/a>, Yellow Film &amp; TV, Helsinki Filmi, Nelonen,&nbsp;&nbsp;Volvo Baltic,&nbsp;<a href=\"http:\/\/ruka.fi\/\">Ruka<\/a>, &nbsp;<a href=\"http:\/\/allfilm.ee\/\">Allfilm<\/a>, &nbsp;<a href=\"http:\/\/kuukulgur.ee\/\">Kuukulgur<\/a>,&nbsp;<a href=\"http:\/\/nafta.ee\/\">Nafta Film<\/a>,&nbsp;<a href=\"http:\/\/err.ee\/\">ERR<\/a>,&nbsp;<a href=\"http:\/\/www.kansallisteatteri.fi\/\">Suomen Kansallisteatteri<\/a>,&nbsp;&nbsp;<a href=\"http:\/\/www.joulupukkitv.com\/\">Joulupukki TV<\/a>&nbsp;\u2026<\/p>\n<p>Katso Videos \u2013 valikosta n\u00e4ytteet ja kysy lis\u00e4\u00e4!<\/p>\n<p>Mr. Ville MJ Hyv\u00f6nen<br>040 5842031<br><a href=\"mailto:info@helicam.aero\">info@helicam.aero<\/a><\/p>\n<p><\/p>\t\t\t\t\t\t\t\t<\/div>\n\t\t\t\t<\/div>\n\t\t\t\t\t<\/div>\n\t\t<\/div>\n\t\t\t\t\t<\/div>\n\t\t<\/section>\n\t\t\t\t<\/div>\n\t\t","protected":false},"excerpt":{"rendered":"<p>Suomeksi Ilmakuvausta kauko-ohjattavalla helikopterikameralla.Helicam palvelumme sis\u00e4lt\u00e4\u00e4 ennakkosuunnittelun, vakuutuksen, luvat, tarvittavan laitteiston, kauko-ohjattavan gyrostabiloidun kamerap\u00e4\u00e4n, Red Weapon&nbsp;8K tai Arri Alexa Mini kameran Zeiss -linsseill\u00e4, langaton video-assist ja kahden ihmisen miehist\u00f6n jolla takanaan vuosien lentokokemus. Kaikki romppeet mahtuvat yhteen autoon ja kuvausvalmius on n. 15 minuutissa saapumisesta. &nbsp;Koko paketin hinta alkaen 2500\u20ac \/ p\u00e4iv\u00e4. Miehitt\u00e4m\u00e4tt\u00f6m\u00e4ll\u00e4 mini-helikopterilla asiakkaamme [&hellip;]<\/p>\n","protected":false},"author":1,"featured_media":0,"parent":0,"menu_order":0,"comment_status":"closed","ping_status":"closed","template":"","meta":{"site-sidebar-layout":"no-sidebar","site-content-layout":"page-builder","ast-site-content-layout":"default","site-content-style":"default","site-sidebar-style":"default","ast-global-header-display":"","ast-banner-title-visibility":"","ast-main-header-display":"","ast-hfb-above-header-display":"","ast-hfb-below-header-display":"","ast-hfb-mobile-header-display":"","site-post-title":"disabled","ast-breadcrumbs-content":"","ast-featured-img":"disabled","footer-sml-layout":"","theme-transparent-header-meta":"","adv-header-id-meta":"","stick-header-meta":"","header-above-stick-meta":"","header-main-stick-meta":"","header-below-stick-meta":"","astra-migrate-meta-layouts":"default","ast-page-background-enabled":"default","ast-page-background-meta":{"desktop":{"background-color":"var(--ast-global-color-4)","background-image":"","background-repeat":"repeat","background-position":"center center","background-size":"auto","background-attachment":"scroll","background-type":"","background-media":"","overlay-type":"","overlay-color":"","overlay-opacity":"","overlay-gradient":""},"tablet":{"background-color":"","background-image":"","background-repeat":"repeat","background-position":"center center","background-size":"auto","background-attachment":"scroll","background-type":"","background-media":"","overlay-type":"","overlay-color":"","overlay-opacity":"","overlay-gradient":""},"mobile":{"background-color":"","background-image":"","background-repeat":"repeat","background-position":"center center","background-size":"auto","background-attachment":"scroll","background-type":"","background-media":"","overlay-type":"","overlay-color":"","overlay-opacity":"","overlay-gradient":""}},"ast-content-background-meta":{"desktop":{"background-color":"var(--ast-global-color-5)","background-image":"","background-repeat":"repeat","background-position":"center center","background-size":"auto","background-attachment":"scroll","background-type":"","background-media":"","overlay-type":"","overlay-color":"","overlay-opacity":"","overlay-gradient":""},"tablet":{"background-color":"var(--ast-global-color-5)","background-image":"","background-repeat":"repeat","background-position":"center center","background-size":"auto","background-attachment":"scroll","background-type":"","background-media":"","overlay-type":"","overlay-color":"","overlay-opacity":"","overlay-gradient":""},"mobile":{"background-color":"var(--ast-global-color-5)","background-image":"","background-repeat":"repeat","background-position":"center center","background-size":"auto","background-attachment":"scroll","background-type":"","background-media":"","overlay-type":"","overlay-color":"","overlay-opacity":"","overlay-gradient":""}},"footnotes":""},"class_list":["post-116","page","type-page","status-publish","hentry"],"_links":{"self":[{"href":"https:\/\/helicam.fi\/site\/wp-json\/wp\/v2\/pages\/116","targetHints":{"allow":["GET"]}}],"collection":[{"href":"https:\/\/helicam.fi\/site\/wp-json\/wp\/v2\/pages"}],"about":[{"href":"https:\/\/helicam.fi\/site\/wp-json\/wp\/v2\/types\/page"}],"author":[{"embeddable":true,"href":"https:\/\/helicam.fi\/site\/wp-json\/wp\/v2\/users\/1"}],"replies":[{"embeddable":true,"href":"https:\/\/helicam.fi\/site\/wp-json\/wp\/v2\/comments?post=116"}],"version-history":[{"count":11,"href":"https:\/\/helicam.fi\/site\/wp-json\/wp\/v2\/pages\/116\/revisions"}],"predecessor-version":[{"id":453,"href":"https:\/\/helicam.fi\/site\/wp-json\/wp\/v2\/pages\/116\/revisions\/453"}],"wp:attachment":[{"href":"https:\/\/helicam.fi\/site\/wp-json\/wp\/v2\/media?parent=116"}],"curies":[{"name":"wp","href":"https:\/\/api.w.org\/{rel}","templated":true}]}}